{"id":1673,"date":"2022-06-10T05:12:42","date_gmt":"2022-06-10T05:12:42","guid":{"rendered":"http:\/\/s860266146.mialojamiento.es\/?page_id=1673"},"modified":"2023-02-21T18:08:22","modified_gmt":"2023-02-21T16:08:22","slug":"contacto","status":"publish","type":"page","link":"https:\/\/origen.bio\/revgen\/contacto\/","title":{"rendered":"Contacto"},"content":{"rendered":"<p>[vc_row][vc_column width=\u00bb1\/6&#8243;][\/vc_column][vc_column width=\u00bb2\/3&#8243;][vc_empty_space alter_height=\u00bblarge\u00bb hide_on_mobile=\u00bb\u00bb]<div id=\"sc_title_1137432554\"\r\n\t\tclass=\"sc_title sc_title_default\"><h3 class=\"sc_item_title sc_title_title sc_align_center sc_item_title_style_default\">\u00bfNecesitas contactar conmigo? \u00bfUsa el formulario que tienes abajo!<\/h3><div class=\"sc_item_descr sc_title_descr sc_align_center\">Si est\u00e1 interesado en alguno de mis programas o eventos, desea contratarme para hablar o desea sugerir un tema para una futura publicaci\u00f3n de blog, use el formulario a continuaci\u00f3n y un miembro de mi equipo se comunicar\u00e1 con usted.<\/div><\/div><!-- \/.sc_title -->[vc_empty_space alter_height=\u00bbmedium\u00bb hide_on_mobile=\u00bb\u00bb][vc_row_inner][vc_column_inner width=\u00bb1\/3&#8243;]<div id=\"sc_icons_934549126\" \n\tclass=\"sc_icons sc_icons_default sc_icons_size_small sc_align_center\"\n\t\t><div class=\"sc_icons_item\"><div id=\"sc_icons_934549126_icon-location-marker\" class=\"sc_icons_icon sc_icon_type_fontawesome icon-location-marker\"\n\t\t\t\t\t\t style=\"background-color: #fda872\"\t\t\t\t\t\t><span class=\"sc_icon_inner\" style=\"background-color: #fda872\"><\/span><\/div><\/div><\/div><!-- \/.sc_icons -->[vc_column_text css=\u00bb.vc_custom_1605709249027{margin-top: 1em !important;margin-bottom: 1em !important;}\u00bb]<\/p>\n<p style=\"text-align: center;\">143 W street name,<br \/>\nNew York, NY 10014[\/vc_column_text][\/vc_column_inner][vc_column_inner width=\u00bb1\/3&#8243;]<div id=\"sc_icons_132752958\" \n\tclass=\"sc_icons sc_icons_default sc_icons_size_small sc_align_center\"\n\t\t><div class=\"sc_icons_item\"><div id=\"sc_icons_132752958_icon-open-letter\" class=\"sc_icons_icon sc_icon_type_fontawesome icon-open-letter\"\n\t\t\t\t\t\t style=\"background-color: #42caf3\"\t\t\t\t\t\t><span class=\"sc_icon_inner\" style=\"background-color: #42caf3\"><\/span><\/div><\/div><\/div><!-- \/.sc_icons -->[vc_column_text css=\u00bb.vc_custom_1655900748680{margin-top: 1em !important;padding-bottom: 1em !important;}\u00bb]<\/p>\n<p style=\"text-align: center;\"><a href=\"mailto:roberto@lorentealvarez.com\" rel=\"noopener\"> roberto@lorentealvarez.com<\/a>[\/vc_column_text][\/vc_column_inner][vc_column_inner width=\u00bb1\/3&#8243;]<div id=\"sc_icons_1342672270\" \n\tclass=\"sc_icons sc_icons_default sc_icons_size_small sc_align_center\"\n\t\t><div class=\"sc_icons_item\"><div id=\"sc_icons_1342672270_icon-speech-bubble-with-phone-receiver\" class=\"sc_icons_icon sc_icon_type_fontawesome icon-speech-bubble-with-phone-receiver\"\n\t\t\t\t\t\t style=\"background-color: #8edcc0\"\t\t\t\t\t\t><span class=\"sc_icon_inner\" style=\"background-color: #8edcc0\"><\/span><\/div><\/div><\/div><!-- \/.sc_icons -->[vc_column_text css=\u00bb.vc_custom_1605533714023{margin-top: 1em !important;}\u00bb]<\/p>\n<p style=\"text-align: center;\"><a href=\"tel:+8001234567\" rel=\"noopener noreferrer\">+1 (800) 123-4567<\/a><br \/>\n<a href=\"tel:+8001234566\" rel=\"noopener noreferrer\">+1 (800) 123-4566<\/a>[\/vc_column_text][\/vc_column_inner][\/vc_row_inner][vc_empty_space alter_height=\u00bbhuge\u00bb hide_on_mobile=\u00bb\u00bb][\/vc_column][vc_column width=\u00bb1\/6&#8243;][\/vc_column][\/vc_row][vc_row full_width=\u00bbstretch_row\u00bb css=\u00bb.vc_custom_1474294136035{background-color: #f9f9f9 !important;}\u00bb][vc_column width=\u00bb1\/6&#8243;][\/vc_column][vc_column width=\u00bb2\/3&#8243;]<div id=\"sc_content_1217825996\"\r\n\t\tclass=\"sc_content sc_content_default sc_align_center\"><div class=\"sc_content_container\">[vc_empty_space alter_height=\u00bblarge\u00bb hide_on_mobile=\u00bb\u00bb]<div id=\"sc_title_2065203390\"\r\n\t\tclass=\"sc_title sc_title_default\"><h3 class=\"sc_item_title sc_title_title sc_align_center sc_item_title_style_default\">Contacta comingo<\/h3><div class=\"sc_item_descr sc_title_descr sc_align_center\">Este es un formulario puede servir para muchas cosas.. tu decides, si quieres poner un comentario sobre la web o el blog, Si quieres plantear una mejora. Intenta ser constructivo, que no te gusta y como lo mejorar\u00edas, Si quieres compartir informaci\u00f3n y ayudarme en la divulgaci\u00f3n, si quieres quedar para hablar sobre estos temas, o simplemente por que si...<\/div><\/div><!-- \/.sc_title -->[vc_empty_space alter_height=\u00bbmedium\u00bb hide_on_mobile=\u00bb\u00bb]\n<div class=\"wpcf7 no-js\" id=\"wpcf7-f1755-o1\" lang=\"es-ES\" dir=\"ltr\" data-wpcf7-id=\"1755\">\n<div class=\"screen-reader-response\"><p role=\"status\" aria-live=\"polite\" aria-atomic=\"true\"><\/p> <ul><\/ul><\/div>\n<form action=\"\/revgen\/wp-json\/wp\/v2\/pages\/1673#wpcf7-f1755-o1\" method=\"post\" class=\"wpcf7-form init\" aria-label=\"Formulario de contacto\" novalidate=\"novalidate\" data-status=\"init\">\n<fieldset class=\"hidden-fields-container\"><input type=\"hidden\" name=\"_wpcf7\" value=\"1755\" \/><input type=\"hidden\" name=\"_wpcf7_version\" value=\"6.1.5\" \/><input type=\"hidden\" name=\"_wpcf7_locale\" value=\"es_ES\" \/><input type=\"hidden\" name=\"_wpcf7_unit_tag\" value=\"wpcf7-f1755-o1\" \/><input type=\"hidden\" name=\"_wpcf7_container_post\" value=\"0\" \/><input type=\"hidden\" name=\"_wpcf7_posted_data_hash\" value=\"\" \/>\n<\/fieldset>\n<div class=\"columns_wrap\">\n\t<div class=\"column-1_2\">\n\t\t<p><span class=\"wpcf7-form-control-wrap\" data-name=\"your-name\"><input size=\"40\" maxlength=\"400\" class=\"wpcf7-form-control wpcf7-text wpcf7-validates-as-required\" aria-required=\"true\" aria-invalid=\"false\" placeholder=\"Your Name*\" value=\"\" type=\"text\" name=\"your-name\" \/><\/span>\n\t\t<\/p>\n\t<\/div>\n\t<div class=\"column-1_2\">\n\t\t<p><span class=\"wpcf7-form-control-wrap\" data-name=\"your-email\"><input size=\"40\" maxlength=\"400\" class=\"wpcf7-form-control wpcf7-email wpcf7-validates-as-required wpcf7-text wpcf7-validates-as-email\" aria-required=\"true\" aria-invalid=\"false\" placeholder=\"Your E-mail*\" value=\"\" type=\"email\" name=\"your-email\" \/><\/span>\n\t\t<\/p>\n\t<\/div>\n<\/div>\n<div class=\"columns_wrap\">\n\t<div class=\"column-1_1\">\n\t\t<p><span class=\"wpcf7-form-control-wrap\" data-name=\"textarea-message\"><textarea cols=\"40\" rows=\"10\" maxlength=\"2000\" class=\"wpcf7-form-control wpcf7-textarea wpcf7-validates-as-required\" aria-required=\"true\" aria-invalid=\"false\" placeholder=\"Your Message*\" name=\"textarea-message\"><\/textarea><\/span>\n\t\t<\/p>\n\t<\/div>\n<\/div>\n<div class=\"columns_wrap\">\n\t<div class=\"column-1_1\">\n\t\t<p><button id='submit' class='sc_button wpcf7-form-control wpcf7-submit'>Enviar mensaje<\/button>\n\t\t<\/p>\n\t<\/div>\n<\/div><div class=\"wpcf7-response-output\" aria-hidden=\"true\"><\/div>\n<\/form>\n<\/div>\n[vc_empty_space alter_height=\u00bbmedium\u00bb hide_on_mobile=\u00bb\u00bb][vc_empty_space alter_height=\u00bbmedium\u00bb hide_on_mobile=\u00bb\u00bb]<\/div><\/div><!-- \/.sc_content -->[\/vc_column][vc_column width=\u00bb1\/6&#8243;][\/vc_column][\/vc_row]<\/p>\n","protected":false},"excerpt":{"rendered":"<p>[vc_row][vc_column width=\u00bb1\/6&#8243;][\/vc_column][vc_column width=\u00bb2\/3&#8243;][vc_empty_space alter_height=\u00bblarge\u00bb hide_on_mobile=\u00bb\u00bb][vc_empty_space alter_height=\u00bbmedium\u00bb hide_on_mobile=\u00bb\u00bb][vc_row_inner][vc_column_inner width=\u00bb1\/3&#8243;][vc_column_text css=\u00bb.vc_custom_1605709249027{margin-top: 1em !important;margin-bottom: 1em !important;}\u00bb] 143 W street name, New York, NY 10014[\/vc_column_text][\/vc_column_inner][vc_column_inner width=\u00bb1\/3&#8243;][vc_column_text css=\u00bb.vc_custom_1655900748680{margin-top: 1em !important;padding-bottom: 1em !important;}\u00bb] roberto@lorentealvarez.com[\/vc_column_text][\/vc_column_inner][vc_column_inner width=\u00bb1\/3&#8243;][vc_column_text css=\u00bb.vc_custom_1605533714023{margin-top: 1em !important;}\u00bb] +1 (800) 123-4567 +1 (800) 123-4566[\/vc_column_text][\/vc_column_inner][\/vc_row_inner][vc_empty_space alter_height=\u00bbhuge\u00bb hide_on_mobile=\u00bb\u00bb][\/vc_column][vc_column width=\u00bb1\/6&#8243;][\/vc_column][\/vc_row][vc_row full_width=\u00bbstretch_row\u00bb css=\u00bb.vc_custom_1474294136035{background-color: #f9f9f9 !important;}\u00bb][vc_column width=\u00bb1\/6&#8243;][\/vc_column][vc_column width=\u00bb2\/3&#8243;][\/vc_column][vc_column width=\u00bb1\/6&#8243;][\/vc_column][\/vc_row]<\/p>\n","protected":false},"author":1,"featured_media":0,"parent":0,"menu_order":0,"comment_status":"closed","ping_status":"closed","template":"","meta":{"footnotes":""},"class_list":["post-1673","page","type-page","status-publish","hentry"],"yoast_head":"<!-- This site is optimized with the Yoast SEO plugin v20.1 - https:\/\/yoast.com\/wordpress\/plugins\/seo\/ -->\n<title>Contacto - REVGEN<\/title>\n<meta name=\"description\" content=\"\u00bfTienes alguna pregunta o sugerencia para compartir sobre biotecnolog\u00eda y gen\u00e9tica? \u00a1Cont\u00e1ctame! Utiliza el formulario de contacto de mi sitio web para programar una llamada o dejar un mensaje. Estoy ansioso por conectarme contigo y ayudarte en todo lo que pueda.\" \/>\n<meta name=\"robots\" content=\"index, follow, max-snippet:-1, max-image-preview:large, max-video-preview:-1\" \/>\n<link rel=\"canonical\" href=\"https:\/\/origen.bio\/revgen\/contacto\/\" \/>\n<meta property=\"og:locale\" content=\"es_ES\" \/>\n<meta property=\"og:type\" content=\"article\" \/>\n<meta property=\"og:title\" content=\"Contacto - REVGEN\" \/>\n<meta property=\"og:description\" content=\"\u00bfTienes alguna pregunta o sugerencia para compartir sobre biotecnolog\u00eda y gen\u00e9tica? \u00a1Cont\u00e1ctame! Utiliza el formulario de contacto de mi sitio web para programar una llamada o dejar un mensaje. Estoy ansioso por conectarme contigo y ayudarte en todo lo que pueda.\" \/>\n<meta property=\"og:url\" content=\"https:\/\/origen.bio\/revgen\/contacto\/\" \/>\n<meta property=\"og:site_name\" content=\"REVGEN\" \/>\n<meta property=\"article:modified_time\" content=\"2023-02-21T16:08:22+00:00\" \/>\n<meta property=\"og:image\" content=\"https:\/\/origen.bio\/revgen\/wp-content\/uploads\/2022\/07\/revgenlogo.png\" \/>\n\t<meta property=\"og:image:width\" content=\"589\" \/>\n\t<meta property=\"og:image:height\" content=\"211\" \/>\n\t<meta property=\"og:image:type\" content=\"image\/png\" \/>\n<meta name=\"twitter:card\" content=\"summary_large_image\" \/>\n<meta name=\"twitter:label1\" content=\"Tiempo de lectura\" \/>\n\t<meta name=\"twitter:data1\" content=\"2 minutos\" \/>\n<script type=\"application\/ld+json\" class=\"yoast-schema-graph\">{\"@context\":\"https:\/\/schema.org\",\"@graph\":[{\"@type\":[\"WebPage\",\"ContactPage\"],\"@id\":\"https:\/\/origen.bio\/revgen\/contacto\/\",\"url\":\"https:\/\/origen.bio\/revgen\/contacto\/\",\"name\":\"Contacto - REVGEN\",\"isPartOf\":{\"@id\":\"https:\/\/origen.bio\/revgen\/#website\"},\"datePublished\":\"2022-06-10T05:12:42+00:00\",\"dateModified\":\"2023-02-21T16:08:22+00:00\",\"description\":\"\u00bfTienes alguna pregunta o sugerencia para compartir sobre biotecnolog\u00eda y gen\u00e9tica? \u00a1Cont\u00e1ctame! Utiliza el formulario de contacto de mi sitio web para programar una llamada o dejar un mensaje. Estoy ansioso por conectarme contigo y ayudarte en todo lo que pueda.\",\"breadcrumb\":{\"@id\":\"https:\/\/origen.bio\/revgen\/contacto\/#breadcrumb\"},\"inLanguage\":\"es\",\"potentialAction\":[{\"@type\":\"ReadAction\",\"target\":[\"https:\/\/origen.bio\/revgen\/contacto\/\"]}]},{\"@type\":\"BreadcrumbList\",\"@id\":\"https:\/\/origen.bio\/revgen\/contacto\/#breadcrumb\",\"itemListElement\":[{\"@type\":\"ListItem\",\"position\":1,\"name\":\"Portada\",\"item\":\"https:\/\/origen.bio\/revgen\/\"},{\"@type\":\"ListItem\",\"position\":2,\"name\":\"Contacto\"}]},{\"@type\":\"WebSite\",\"@id\":\"https:\/\/origen.bio\/revgen\/#website\",\"url\":\"https:\/\/origen.bio\/revgen\/\",\"name\":\"REVGEN\",\"description\":\"Re-Evoluci\u00f3n Gen\u00e9tica\",\"publisher\":{\"@id\":\"https:\/\/origen.bio\/revgen\/#organization\"},\"alternateName\":\"Revoluci\u00f3n gen\u00e9tica\",\"potentialAction\":[{\"@type\":\"SearchAction\",\"target\":{\"@type\":\"EntryPoint\",\"urlTemplate\":\"https:\/\/origen.bio\/revgen\/?s={search_term_string}\"},\"query-input\":\"required name=search_term_string\"}],\"inLanguage\":\"es\"},{\"@type\":\"Organization\",\"@id\":\"https:\/\/origen.bio\/revgen\/#organization\",\"name\":\"REVGEN\",\"url\":\"https:\/\/origen.bio\/revgen\/\",\"logo\":{\"@type\":\"ImageObject\",\"inLanguage\":\"es\",\"@id\":\"https:\/\/origen.bio\/revgen\/#\/schema\/logo\/image\/\",\"url\":\"https:\/\/origen.bio\/revgen\/wp-content\/uploads\/2022\/07\/revgenlogo.png\",\"contentUrl\":\"https:\/\/origen.bio\/revgen\/wp-content\/uploads\/2022\/07\/revgenlogo.png\",\"width\":589,\"height\":211,\"caption\":\"REVGEN\"},\"image\":{\"@id\":\"https:\/\/origen.bio\/revgen\/#\/schema\/logo\/image\/\"}}]}<\/script>\n<!-- \/ Yoast SEO plugin. -->","yoast_head_json":{"title":"Contacto - REVGEN","description":"\u00bfTienes alguna pregunta o sugerencia para compartir sobre biotecnolog\u00eda y gen\u00e9tica? \u00a1Cont\u00e1ctame! Utiliza el formulario de contacto de mi sitio web para programar una llamada o dejar un mensaje. Estoy ansioso por conectarme contigo y ayudarte en todo lo que pueda.","robots":{"index":"index","follow":"follow","max-snippet":"max-snippet:-1","max-image-preview":"max-image-preview:large","max-video-preview":"max-video-preview:-1"},"canonical":"https:\/\/origen.bio\/revgen\/contacto\/","og_locale":"es_ES","og_type":"article","og_title":"Contacto - REVGEN","og_description":"\u00bfTienes alguna pregunta o sugerencia para compartir sobre biotecnolog\u00eda y gen\u00e9tica? \u00a1Cont\u00e1ctame! Utiliza el formulario de contacto de mi sitio web para programar una llamada o dejar un mensaje. Estoy ansioso por conectarme contigo y ayudarte en todo lo que pueda.","og_url":"https:\/\/origen.bio\/revgen\/contacto\/","og_site_name":"REVGEN","article_modified_time":"2023-02-21T16:08:22+00:00","og_image":[{"width":589,"height":211,"url":"https:\/\/origen.bio\/revgen\/wp-content\/uploads\/2022\/07\/revgenlogo.png","type":"image\/png"}],"twitter_card":"summary_large_image","twitter_misc":{"Tiempo de lectura":"2 minutos"},"schema":{"@context":"https:\/\/schema.org","@graph":[{"@type":["WebPage","ContactPage"],"@id":"https:\/\/origen.bio\/revgen\/contacto\/","url":"https:\/\/origen.bio\/revgen\/contacto\/","name":"Contacto - REVGEN","isPartOf":{"@id":"https:\/\/origen.bio\/revgen\/#website"},"datePublished":"2022-06-10T05:12:42+00:00","dateModified":"2023-02-21T16:08:22+00:00","description":"\u00bfTienes alguna pregunta o sugerencia para compartir sobre biotecnolog\u00eda y gen\u00e9tica? \u00a1Cont\u00e1ctame! Utiliza el formulario de contacto de mi sitio web para programar una llamada o dejar un mensaje. Estoy ansioso por conectarme contigo y ayudarte en todo lo que pueda.","breadcrumb":{"@id":"https:\/\/origen.bio\/revgen\/contacto\/#breadcrumb"},"inLanguage":"es","potentialAction":[{"@type":"ReadAction","target":["https:\/\/origen.bio\/revgen\/contacto\/"]}]},{"@type":"BreadcrumbList","@id":"https:\/\/origen.bio\/revgen\/contacto\/#breadcrumb","itemListElement":[{"@type":"ListItem","position":1,"name":"Portada","item":"https:\/\/origen.bio\/revgen\/"},{"@type":"ListItem","position":2,"name":"Contacto"}]},{"@type":"WebSite","@id":"https:\/\/origen.bio\/revgen\/#website","url":"https:\/\/origen.bio\/revgen\/","name":"REVGEN","description":"Re-Evoluci\u00f3n Gen\u00e9tica","publisher":{"@id":"https:\/\/origen.bio\/revgen\/#organization"},"alternateName":"Revoluci\u00f3n gen\u00e9tica","potentialAction":[{"@type":"SearchAction","target":{"@type":"EntryPoint","urlTemplate":"https:\/\/origen.bio\/revgen\/?s={search_term_string}"},"query-input":"required name=search_term_string"}],"inLanguage":"es"},{"@type":"Organization","@id":"https:\/\/origen.bio\/revgen\/#organization","name":"REVGEN","url":"https:\/\/origen.bio\/revgen\/","logo":{"@type":"ImageObject","inLanguage":"es","@id":"https:\/\/origen.bio\/revgen\/#\/schema\/logo\/image\/","url":"https:\/\/origen.bio\/revgen\/wp-content\/uploads\/2022\/07\/revgenlogo.png","contentUrl":"https:\/\/origen.bio\/revgen\/wp-content\/uploads\/2022\/07\/revgenlogo.png","width":589,"height":211,"caption":"REVGEN"},"image":{"@id":"https:\/\/origen.bio\/revgen\/#\/schema\/logo\/image\/"}}]}},"_links":{"self":[{"href":"https:\/\/origen.bio\/revgen\/wp-json\/wp\/v2\/pages\/1673","targetHints":{"allow":["GET"]}}],"collection":[{"href":"https:\/\/origen.bio\/revgen\/wp-json\/wp\/v2\/pages"}],"about":[{"href":"https:\/\/origen.bio\/revgen\/wp-json\/wp\/v2\/types\/page"}],"author":[{"embeddable":true,"href":"https:\/\/origen.bio\/revgen\/wp-json\/wp\/v2\/users\/1"}],"replies":[{"embeddable":true,"href":"https:\/\/origen.bio\/revgen\/wp-json\/wp\/v2\/comments?post=1673"}],"version-history":[{"count":7,"href":"https:\/\/origen.bio\/revgen\/wp-json\/wp\/v2\/pages\/1673\/revisions"}],"predecessor-version":[{"id":2024,"href":"https:\/\/origen.bio\/revgen\/wp-json\/wp\/v2\/pages\/1673\/revisions\/2024"}],"wp:attachment":[{"href":"https:\/\/origen.bio\/revgen\/wp-json\/wp\/v2\/media?parent=1673"}],"curies":[{"name":"wp","href":"https:\/\/api.w.org\/{rel}","templated":true}]}}