{"id":1656,"date":"2022-06-10T04:44:25","date_gmt":"2022-06-10T04:44:25","guid":{"rendered":"http:\/\/s860266146.mialojamiento.es\/?page_id=1656"},"modified":"2023-02-21T18:10:34","modified_gmt":"2023-02-21T16:10:34","slug":"empresas","status":"publish","type":"page","link":"https:\/\/origen.bio\/revgen\/empresas\/","title":{"rendered":"Empresas"},"content":{"rendered":"<p>[vc_row][vc_column][vc_empty_space alter_height=\u00bblarge\u00bb hide_on_mobile=\u00bb\u00bb][\/vc_column][\/vc_row][vc_row full_width=\u00bbstretch_row\u00bb gap=\u00bb10&#8243;][vc_column width=\u00bb1\/2&#8243; icons_position=\u00bbleft\u00bb][vc_column_text]<\/p>\n<h2>Lifelength &#8211; Medir tus telomeros<\/h2>\n<p id=\"h.p_fgVZ142Qt50k\" class=\"CDt4Ke zfr3Q\"><a class=\"dhtgD aw5Odc\" href=\"https:\/\/www.google.com\/url?q=https%3A%2F%2Flifelength.com%2Fes%2F&amp;sa=D&amp;sntz=1&amp;usg=AOvVaw3bzbtDqKV7hKOA5nCLFf8g\" target=\"_blank\" rel=\"noopener\">LifeLenght<\/a> es una empresa espa\u00f1ola puntera biotecnolog\u00eda y en gen\u00e9tica, a nivel mundial!!!<\/p>\n<p id=\"h.p_zKL7SXCyO7RI\" class=\"CDt4Ke zfr3Q\">Son expertos en el estudio de la longitud de los tel\u00f3meros y su impacto en tu vida, en tu edad celular, las consecuencias de ella y como mejorarla.<\/p>\n<p id=\"h.p_g0eaG7l1Pd_Y\" class=\"CDt4Ke zfr3Q\">Tambien se han hecho experto en la detecci\u00f3n precoz de canceres con este tipo de estudios.<\/p>\n<p id=\"h.p_oN0pmqA2Oy9r\" class=\"CDt4Ke zfr3Q\">Si quieres saber mas sobre los tel\u00f3meros ve alguno de los videos de la secci\u00f3n <a class=\"dhtgD aw5Odc\" href=\"https:\/\/sites.google.com\/lorentealvarez.com\/revgen\/biotecnologia?authuser=0\">biotecnolog\u00eda<\/a> de esta web, que hablan sobre ellos, en varios aparece Maria Blasco, directora del Centro de Estudios Oncol\u00f3gicos Nacional y co-fundadora de esta empresa.<\/p>\n<p>[\/vc_column_text][vc_empty_space height=\u00bb\u00bb alter_height=\u00bbhuge\u00bb hide_on_mobile=\u00bb\u00bb hide_on_desktop=\u00bb\u00bb hide_on_notebook=\u00bb\u00bb hide_on_tablet=\u00bb\u00bb][\/vc_column][vc_column width=\u00bb1\/2&#8243;][vc_empty_space alter_height=\u00bbhuge\u00bb hide_on_mobile=\u00bb\u00bb]<div id=\"widget_video_525017215\" class=\"widget_area sc_widget_video vc_widget_video wpb_content_element\"><aside id=\"widget_video_525017215_widget\" class=\"widget widget_video\"><div class=\"trx_addons_video_player without_cover\"><div class=\"video_embed video_frame\"><iframe loading=\"lazy\" title=\"How Well Are You Aging? (subtitulado en espa\u00f1ol)\" width=\"1170\" height=\"658\" src=\"https:\/\/www.youtube.com\/embed\/celeErqemZc?feature=oembed\" frameborder=\"0\" allow=\"accelerometer; autoplay; clipboard-write; encrypted-media; gyroscope; picture-in-picture\" allowfullscreen><\/iframe><\/div><\/div><\/aside><\/div>[\/vc_column][\/vc_row][vc_row][vc_column][vc_empty_space alter_height=\u00bblarge\u00bb hide_on_mobile=\u00bb\u00bb][\/vc_column][\/vc_row][vc_row full_width=\u00bbstretch_row\u00bb gap=\u00bb10&#8243; css=\u00bb.vc_custom_1654747182780{background-color: #f7f8fa !important;}\u00bb][vc_column width=\u00bb1\/2&#8243; icons_position=\u00bbleft\u00bb]<div id=\"widget_video_665631105\" class=\"widget_area sc_widget_video vc_widget_video wpb_content_element\"><aside id=\"widget_video_665631105_widget\" class=\"widget widget_video\"><div class=\"trx_addons_video_player without_cover\"><div class=\"video_embed video_frame\"><iframe loading=\"lazy\" title=\"How digital DNA could help you make better health choices | Jun Wang\" width=\"1170\" height=\"658\" src=\"https:\/\/www.youtube.com\/embed\/lUO0xDSJQVI?feature=oembed\" frameborder=\"0\" allow=\"accelerometer; autoplay; clipboard-write; encrypted-media; gyroscope; picture-in-picture\" allowfullscreen><\/iframe><\/div><\/div><\/aside><\/div>[vc_empty_space height=\u00bb\u00bb alter_height=\u00bbhuge\u00bb hide_on_mobile=\u00bb\u00bb hide_on_desktop=\u00bb\u00bb hide_on_notebook=\u00bb\u00bb hide_on_tablet=\u00bb\u00bb][\/vc_column][vc_column width=\u00bb1\/2&#8243;][vc_column_text]<\/p>\n<h2>Icarbon X &#8211; Digitalizar tus habitos<\/h2>\n<p id=\"h.p_AoEXV2ueMf-_\" class=\"CDt4Ke zfr3Q\">Su empresa <a class=\"dhtgD aw5Odc\" href=\"https:\/\/www.google.com\/url?q=https%3A%2F%2Fwww.icarbonx.com%2Fen%2F&amp;sa=D&amp;sntz=1&amp;usg=AOvVaw2oun6qUeC5pP8kD5NkIHMx\" target=\"_blank\" rel=\"noopener\">iCarbon X<\/a> quiere correlacionar tanto el ADN como las condiciones del entorno tuyas y de todo el mundo.<\/p>\n<p id=\"h.p__Jpg8OEDMf_A\" class=\"CDt4Ke zfr3Q\">Quiere hacer simulaciones de c\u00f3mo las condiciones del entorno unidas a tu ADN te llevan a unas situaciones u otras de salud. A fin de ayudarte a tomar las mejores decisiones. O bien a evitar que ciertas mutaciones se disparen por tu ambiente o condiciones de contorno, pero para eso&#8230;. hay que monitorizarlo todo, todo el tiempo&#8230; y &#8230;&#8230; compartirlo!.<\/p>\n<p>[\/vc_column_text][vc_empty_space alter_height=\u00bbhuge\u00bb hide_on_mobile=\u00bb\u00bb][\/vc_column][\/vc_row]<\/p>\n","protected":false},"excerpt":{"rendered":"<p>[vc_row][vc_column][vc_empty_space alter_height=\u00bblarge\u00bb hide_on_mobile=\u00bb\u00bb][\/vc_column][\/vc_row][vc_row full_width=\u00bbstretch_row\u00bb gap=\u00bb10&#8243;][vc_column width=\u00bb1\/2&#8243; icons_position=\u00bbleft\u00bb][vc_column_text] Lifelength &#8211; Medir tus telomeros LifeLenght es una empresa espa\u00f1ola puntera biotecnolog\u00eda y en gen\u00e9tica, a nivel mundial!!! Son expertos en el estudio de la longitud de los tel\u00f3meros y su impacto en tu vida, en tu edad celular, las consecuencias de ella y como mejorarla. Tambien se han hecho experto en la&hellip;<\/p>\n","protected":false},"author":1,"featured_media":0,"parent":0,"menu_order":0,"comment_status":"closed","ping_status":"closed","template":"","meta":{"footnotes":""},"class_list":["post-1656","page","type-page","status-publish","hentry"],"yoast_head":"<!-- This site is optimized with the Yoast SEO plugin v20.1 - https:\/\/yoast.com\/wordpress\/plugins\/seo\/ -->\n<title>Empresas - REVGEN<\/title>\n<meta name=\"description\" content=\"Descubre las innovadoras soluciones en biotecnolog\u00eda y gen\u00e9tica de LifeLenght e iCarbon X. LifeLenght mide la longitud de tus tel\u00f3meros para ayudarte a mejorar tu vida y detectar precozmente enfermedades, mientras que iCarbon X digitaliza tus h\u00e1bitos y entorno para prevenir mutaciones. \u00a1Conoce m\u00e1s en nuestra secci\u00f3n de biotecnolog\u00eda!\" \/>\n<meta name=\"robots\" content=\"index, follow, max-snippet:-1, max-image-preview:large, max-video-preview:-1\" \/>\n<link rel=\"canonical\" href=\"https:\/\/origen.bio\/revgen\/empresas\/\" \/>\n<meta property=\"og:locale\" content=\"es_ES\" \/>\n<meta property=\"og:type\" content=\"article\" \/>\n<meta property=\"og:title\" content=\"Empresas - REVGEN\" \/>\n<meta property=\"og:description\" content=\"Descubre las innovadoras soluciones en biotecnolog\u00eda y gen\u00e9tica de LifeLenght e iCarbon X. LifeLenght mide la longitud de tus tel\u00f3meros para ayudarte a mejorar tu vida y detectar precozmente enfermedades, mientras que iCarbon X digitaliza tus h\u00e1bitos y entorno para prevenir mutaciones. \u00a1Conoce m\u00e1s en nuestra secci\u00f3n de biotecnolog\u00eda!\" \/>\n<meta property=\"og:url\" content=\"https:\/\/origen.bio\/revgen\/empresas\/\" \/>\n<meta property=\"og:site_name\" content=\"REVGEN\" \/>\n<meta property=\"article:modified_time\" content=\"2023-02-21T16:10:34+00:00\" \/>\n<meta property=\"og:image\" content=\"https:\/\/origen.bio\/revgen\/wp-content\/uploads\/2022\/07\/revgenlogo.png\" \/>\n\t<meta property=\"og:image:width\" content=\"589\" \/>\n\t<meta property=\"og:image:height\" content=\"211\" \/>\n\t<meta property=\"og:image:type\" content=\"image\/png\" \/>\n<meta name=\"twitter:card\" content=\"summary_large_image\" \/>\n<meta name=\"twitter:label1\" content=\"Tiempo de lectura\" \/>\n\t<meta name=\"twitter:data1\" content=\"2 minutos\" \/>\n<script type=\"application\/ld+json\" class=\"yoast-schema-graph\">{\"@context\":\"https:\/\/schema.org\",\"@graph\":[{\"@type\":\"Article\",\"@id\":\"https:\/\/origen.bio\/revgen\/empresas\/#article\",\"isPartOf\":{\"@id\":\"https:\/\/origen.bio\/revgen\/empresas\/\"},\"author\":{\"name\":\"rodimux.master\",\"@id\":\"https:\/\/origen.bio\/revgen\/#\/schema\/person\/2fe067bb4312c01f4585ce34f8054bf0\"},\"headline\":\"Empresas\",\"datePublished\":\"2022-06-10T04:44:25+00:00\",\"dateModified\":\"2023-02-21T16:10:34+00:00\",\"mainEntityOfPage\":{\"@id\":\"https:\/\/origen.bio\/revgen\/empresas\/\"},\"wordCount\":381,\"publisher\":{\"@id\":\"https:\/\/origen.bio\/revgen\/#organization\"},\"inLanguage\":\"es\"},{\"@type\":\"WebPage\",\"@id\":\"https:\/\/origen.bio\/revgen\/empresas\/\",\"url\":\"https:\/\/origen.bio\/revgen\/empresas\/\",\"name\":\"Empresas - REVGEN\",\"isPartOf\":{\"@id\":\"https:\/\/origen.bio\/revgen\/#website\"},\"datePublished\":\"2022-06-10T04:44:25+00:00\",\"dateModified\":\"2023-02-21T16:10:34+00:00\",\"description\":\"Descubre las innovadoras soluciones en biotecnolog\u00eda y gen\u00e9tica de LifeLenght e iCarbon X. LifeLenght mide la longitud de tus tel\u00f3meros para ayudarte a mejorar tu vida y detectar precozmente enfermedades, mientras que iCarbon X digitaliza tus h\u00e1bitos y entorno para prevenir mutaciones. \u00a1Conoce m\u00e1s en nuestra secci\u00f3n de biotecnolog\u00eda!\",\"breadcrumb\":{\"@id\":\"https:\/\/origen.bio\/revgen\/empresas\/#breadcrumb\"},\"inLanguage\":\"es\",\"potentialAction\":[{\"@type\":\"ReadAction\",\"target\":[\"https:\/\/origen.bio\/revgen\/empresas\/\"]}]},{\"@type\":\"BreadcrumbList\",\"@id\":\"https:\/\/origen.bio\/revgen\/empresas\/#breadcrumb\",\"itemListElement\":[{\"@type\":\"ListItem\",\"position\":1,\"name\":\"Portada\",\"item\":\"https:\/\/origen.bio\/revgen\/\"},{\"@type\":\"ListItem\",\"position\":2,\"name\":\"Empresas\"}]},{\"@type\":\"WebSite\",\"@id\":\"https:\/\/origen.bio\/revgen\/#website\",\"url\":\"https:\/\/origen.bio\/revgen\/\",\"name\":\"REVGEN\",\"description\":\"Re-Evoluci\u00f3n Gen\u00e9tica\",\"publisher\":{\"@id\":\"https:\/\/origen.bio\/revgen\/#organization\"},\"alternateName\":\"Revoluci\u00f3n gen\u00e9tica\",\"potentialAction\":[{\"@type\":\"SearchAction\",\"target\":{\"@type\":\"EntryPoint\",\"urlTemplate\":\"https:\/\/origen.bio\/revgen\/?s={search_term_string}\"},\"query-input\":\"required name=search_term_string\"}],\"inLanguage\":\"es\"},{\"@type\":\"Organization\",\"@id\":\"https:\/\/origen.bio\/revgen\/#organization\",\"name\":\"REVGEN\",\"url\":\"https:\/\/origen.bio\/revgen\/\",\"logo\":{\"@type\":\"ImageObject\",\"inLanguage\":\"es\",\"@id\":\"https:\/\/origen.bio\/revgen\/#\/schema\/logo\/image\/\",\"url\":\"https:\/\/origen.bio\/revgen\/wp-content\/uploads\/2022\/07\/revgenlogo.png\",\"contentUrl\":\"https:\/\/origen.bio\/revgen\/wp-content\/uploads\/2022\/07\/revgenlogo.png\",\"width\":589,\"height\":211,\"caption\":\"REVGEN\"},\"image\":{\"@id\":\"https:\/\/origen.bio\/revgen\/#\/schema\/logo\/image\/\"}},{\"@type\":\"Person\",\"@id\":\"https:\/\/origen.bio\/revgen\/#\/schema\/person\/2fe067bb4312c01f4585ce34f8054bf0\",\"name\":\"rodimux.master\",\"image\":{\"@type\":\"ImageObject\",\"inLanguage\":\"es\",\"@id\":\"https:\/\/origen.bio\/revgen\/#\/schema\/person\/image\/\",\"url\":\"https:\/\/secure.gravatar.com\/avatar\/c15f434d7d504eb6647baf6108aedfbf0067eba980175f9ec278ffa365838031?s=96&d=mm&r=g\",\"contentUrl\":\"https:\/\/secure.gravatar.com\/avatar\/c15f434d7d504eb6647baf6108aedfbf0067eba980175f9ec278ffa365838031?s=96&d=mm&r=g\",\"caption\":\"rodimux.master\"},\"sameAs\":[\"https:\/\/origen.bio\/revgen\"]}]}<\/script>\n<!-- \/ Yoast SEO plugin. -->","yoast_head_json":{"title":"Empresas - REVGEN","description":"Descubre las innovadoras soluciones en biotecnolog\u00eda y gen\u00e9tica de LifeLenght e iCarbon X. LifeLenght mide la longitud de tus tel\u00f3meros para ayudarte a mejorar tu vida y detectar precozmente enfermedades, mientras que iCarbon X digitaliza tus h\u00e1bitos y entorno para prevenir mutaciones. \u00a1Conoce m\u00e1s en nuestra secci\u00f3n de biotecnolog\u00eda!","robots":{"index":"index","follow":"follow","max-snippet":"max-snippet:-1","max-image-preview":"max-image-preview:large","max-video-preview":"max-video-preview:-1"},"canonical":"https:\/\/origen.bio\/revgen\/empresas\/","og_locale":"es_ES","og_type":"article","og_title":"Empresas - REVGEN","og_description":"Descubre las innovadoras soluciones en biotecnolog\u00eda y gen\u00e9tica de LifeLenght e iCarbon X. LifeLenght mide la longitud de tus tel\u00f3meros para ayudarte a mejorar tu vida y detectar precozmente enfermedades, mientras que iCarbon X digitaliza tus h\u00e1bitos y entorno para prevenir mutaciones. \u00a1Conoce m\u00e1s en nuestra secci\u00f3n de biotecnolog\u00eda!","og_url":"https:\/\/origen.bio\/revgen\/empresas\/","og_site_name":"REVGEN","article_modified_time":"2023-02-21T16:10:34+00:00","og_image":[{"width":589,"height":211,"url":"https:\/\/origen.bio\/revgen\/wp-content\/uploads\/2022\/07\/revgenlogo.png","type":"image\/png"}],"twitter_card":"summary_large_image","twitter_misc":{"Tiempo de lectura":"2 minutos"},"schema":{"@context":"https:\/\/schema.org","@graph":[{"@type":"Article","@id":"https:\/\/origen.bio\/revgen\/empresas\/#article","isPartOf":{"@id":"https:\/\/origen.bio\/revgen\/empresas\/"},"author":{"name":"rodimux.master","@id":"https:\/\/origen.bio\/revgen\/#\/schema\/person\/2fe067bb4312c01f4585ce34f8054bf0"},"headline":"Empresas","datePublished":"2022-06-10T04:44:25+00:00","dateModified":"2023-02-21T16:10:34+00:00","mainEntityOfPage":{"@id":"https:\/\/origen.bio\/revgen\/empresas\/"},"wordCount":381,"publisher":{"@id":"https:\/\/origen.bio\/revgen\/#organization"},"inLanguage":"es"},{"@type":"WebPage","@id":"https:\/\/origen.bio\/revgen\/empresas\/","url":"https:\/\/origen.bio\/revgen\/empresas\/","name":"Empresas - REVGEN","isPartOf":{"@id":"https:\/\/origen.bio\/revgen\/#website"},"datePublished":"2022-06-10T04:44:25+00:00","dateModified":"2023-02-21T16:10:34+00:00","description":"Descubre las innovadoras soluciones en biotecnolog\u00eda y gen\u00e9tica de LifeLenght e iCarbon X. LifeLenght mide la longitud de tus tel\u00f3meros para ayudarte a mejorar tu vida y detectar precozmente enfermedades, mientras que iCarbon X digitaliza tus h\u00e1bitos y entorno para prevenir mutaciones. \u00a1Conoce m\u00e1s en nuestra secci\u00f3n de biotecnolog\u00eda!","breadcrumb":{"@id":"https:\/\/origen.bio\/revgen\/empresas\/#breadcrumb"},"inLanguage":"es","potentialAction":[{"@type":"ReadAction","target":["https:\/\/origen.bio\/revgen\/empresas\/"]}]},{"@type":"BreadcrumbList","@id":"https:\/\/origen.bio\/revgen\/empresas\/#breadcrumb","itemListElement":[{"@type":"ListItem","position":1,"name":"Portada","item":"https:\/\/origen.bio\/revgen\/"},{"@type":"ListItem","position":2,"name":"Empresas"}]},{"@type":"WebSite","@id":"https:\/\/origen.bio\/revgen\/#website","url":"https:\/\/origen.bio\/revgen\/","name":"REVGEN","description":"Re-Evoluci\u00f3n Gen\u00e9tica","publisher":{"@id":"https:\/\/origen.bio\/revgen\/#organization"},"alternateName":"Revoluci\u00f3n gen\u00e9tica","potentialAction":[{"@type":"SearchAction","target":{"@type":"EntryPoint","urlTemplate":"https:\/\/origen.bio\/revgen\/?s={search_term_string}"},"query-input":"required name=search_term_string"}],"inLanguage":"es"},{"@type":"Organization","@id":"https:\/\/origen.bio\/revgen\/#organization","name":"REVGEN","url":"https:\/\/origen.bio\/revgen\/","logo":{"@type":"ImageObject","inLanguage":"es","@id":"https:\/\/origen.bio\/revgen\/#\/schema\/logo\/image\/","url":"https:\/\/origen.bio\/revgen\/wp-content\/uploads\/2022\/07\/revgenlogo.png","contentUrl":"https:\/\/origen.bio\/revgen\/wp-content\/uploads\/2022\/07\/revgenlogo.png","width":589,"height":211,"caption":"REVGEN"},"image":{"@id":"https:\/\/origen.bio\/revgen\/#\/schema\/logo\/image\/"}},{"@type":"Person","@id":"https:\/\/origen.bio\/revgen\/#\/schema\/person\/2fe067bb4312c01f4585ce34f8054bf0","name":"rodimux.master","image":{"@type":"ImageObject","inLanguage":"es","@id":"https:\/\/origen.bio\/revgen\/#\/schema\/person\/image\/","url":"https:\/\/secure.gravatar.com\/avatar\/c15f434d7d504eb6647baf6108aedfbf0067eba980175f9ec278ffa365838031?s=96&d=mm&r=g","contentUrl":"https:\/\/secure.gravatar.com\/avatar\/c15f434d7d504eb6647baf6108aedfbf0067eba980175f9ec278ffa365838031?s=96&d=mm&r=g","caption":"rodimux.master"},"sameAs":["https:\/\/origen.bio\/revgen"]}]}},"_links":{"self":[{"href":"https:\/\/origen.bio\/revgen\/wp-json\/wp\/v2\/pages\/1656","targetHints":{"allow":["GET"]}}],"collection":[{"href":"https:\/\/origen.bio\/revgen\/wp-json\/wp\/v2\/pages"}],"about":[{"href":"https:\/\/origen.bio\/revgen\/wp-json\/wp\/v2\/types\/page"}],"author":[{"embeddable":true,"href":"https:\/\/origen.bio\/revgen\/wp-json\/wp\/v2\/users\/1"}],"replies":[{"embeddable":true,"href":"https:\/\/origen.bio\/revgen\/wp-json\/wp\/v2\/comments?post=1656"}],"version-history":[{"count":3,"href":"https:\/\/origen.bio\/revgen\/wp-json\/wp\/v2\/pages\/1656\/revisions"}],"predecessor-version":[{"id":2027,"href":"https:\/\/origen.bio\/revgen\/wp-json\/wp\/v2\/pages\/1656\/revisions\/2027"}],"wp:attachment":[{"href":"https:\/\/origen.bio\/revgen\/wp-json\/wp\/v2\/media?parent=1656"}],"curies":[{"name":"wp","href":"https:\/\/api.w.org\/{rel}","templated":true}]}}