{"id":1649,"date":"2022-06-09T04:03:33","date_gmt":"2022-06-09T04:03:33","guid":{"rendered":"http:\/\/s860266146.mialojamiento.es\/?page_id=1649"},"modified":"2023-02-21T18:52:33","modified_gmt":"2023-02-21T16:52:33","slug":"transhumanismo","status":"publish","type":"page","link":"https:\/\/origen.bio\/revgen\/transhumanismo\/","title":{"rendered":"TransHumanismo"},"content":{"rendered":"<p>[vc_row][vc_column][vc_empty_space alter_height=\u00bblarge\u00bb hide_on_mobile=\u00bb\u00bb][\/vc_column][\/vc_row][vc_row][vc_column][vc_column_text]<\/p>\n<p id=\"h.p_EJsxFfxqiiUD\" class=\"CDt4Ke zfr3Q\">El <strong>Transhumanismo <\/strong>no es una religion, pero lo puede parecer, no es una secta, pero lo puede parecer, no es una palabra de pel\u00edculas de ciencia ficci\u00f3n, pero lo puede parecer.<\/p>\n<p id=\"h.p_rPpYYdP6i0Xl\" class=\"CDt4Ke zfr3Q\">El <strong>Transhumanismo <\/strong>es la creencia a grandes rasgos de que los humanos tal cual los conocemos ahora, pueden y van a evolucionar, y por tanto humanos \u00abhomo sapiens\u00bb ya no van a ser. Van a evolucionar gen\u00e9ticamente en a\u00f1os, lo que la evoluci\u00f3n nos costar\u00eda siglos, y se van a ver amplificadas sus capacidades y su resistencia a limites hoy impensables, bien sea por edici\u00f3n gen\u00e9tica o bien sea por mejoras no biol\u00f3gicas. Tambien la vida de estos \u00abnuevos\u00bb humanos se va a alargar mucho, se habla de 150 a\u00f1os en muy poco periodo de tiempo (en los pr\u00f3ximos 20 a\u00f1os se estima que pueden estar los recursos disponibles para hacerlo).<\/p>\n<p id=\"h.p_ePdSoxGPkDNv\" class=\"CDt4Ke zfr3Q\">Por tanto, estos seres amplificados gen\u00e9ticamente y con elementos no biol\u00f3gicos, que van a vivir mucho mas que su especie inicial, posiblemente podemos decir que son otra especie. Los transhumanos creen en esto. Y como en toda creencia hay niveles, los que creen que va ser mejoras simples del cuerpo y los que creen que pueden incluso dejar el propio cuerpo.<\/p>\n<p>[\/vc_column_text][\/vc_column][\/vc_row][vc_row][vc_column][vc_empty_space alter_height=\u00bblarge\u00bb hide_on_mobile=\u00bb\u00bb][\/vc_column][\/vc_row][vc_row full_width=\u00bbstretch_row\u00bb gap=\u00bb10&#8243; css=\u00bb.vc_custom_1654747549593{background-color: #f7f8fa !important;}\u00bb][vc_column width=\u00bb1\/2&#8243; icons_position=\u00bbleft\u00bb][vc_column_text]<\/p>\n<h2>Jose Luis Cordeiro<\/h2>\n<p id=\"h.p_U4AprSBgHW9O\" class=\"CDt4Ke zfr3Q QcmuFb\" dir=\"ltr\"><em><strong>Jose Luis Cordeiro<\/strong><\/em> es uno de los promotores de la Singularity university habla del \u201cestado del arte\u201d de la tecnolog\u00eda gen\u00e9tica\/cyborg y de las consecuencias futuras.<\/p>\n<p id=\"h.p_TtzUyusiHzon\" class=\"CDt4Ke zfr3Q QcmuFb\" dir=\"ltr\">La primera vez que lo escuchas te sorprende, lo ves como un loco visionario que habla de todo, que habla de \u00ab<strong>la muerte de la muerte<\/strong>\u00ab.<\/p>\n<p id=\"h.p_FXaU18bgHbXN\" class=\"CDt4Ke zfr3Q QcmuFb\" dir=\"ltr\">Este video <strong>lo puedes ver el primero o dejarlo para el \u00faltimo es un video distinto a los dem\u00e1s<\/strong>, que dura 1 hora, pero se te hace muy muy entretenida.<\/p>\n<p id=\"h.p_rCnSCqFfHhPG\" class=\"CDt4Ke zfr3Q\"><em><strong>JLC <\/strong><\/em>ha sido una de los visionarios que mas me ha marcado. Por eso esta el primero de todos. Es un lenguaje para todos, debes verlo.<\/p>\n<p>[\/vc_column_text][vc_empty_space height=\u00bb\u00bb alter_height=\u00bbhuge\u00bb hide_on_mobile=\u00bb\u00bb hide_on_desktop=\u00bb\u00bb hide_on_notebook=\u00bb\u00bb hide_on_tablet=\u00bb\u00bb][\/vc_column][vc_column width=\u00bb1\/2&#8243;][vc_empty_space alter_height=\u00bbhuge\u00bb hide_on_mobile=\u00bb\u00bb]<div id=\"widget_video_448170858\" class=\"widget_area sc_widget_video vc_widget_video wpb_content_element\"><aside id=\"widget_video_448170858_widget\" class=\"widget widget_video\"><div class=\"trx_addons_video_player without_cover\"><div class=\"video_embed video_frame\"><iframe loading=\"lazy\" title=\"Jos\u00e9 Luis Cordeiro\" width=\"1170\" height=\"658\" src=\"https:\/\/www.youtube.com\/embed\/Y_-KyXZb86Q?feature=oembed\" frameborder=\"0\" allow=\"accelerometer; autoplay; clipboard-write; encrypted-media; gyroscope; picture-in-picture\" allowfullscreen><\/iframe><\/div><\/div><\/aside><\/div>[\/vc_column][\/vc_row][vc_row][vc_column][vc_empty_space alter_height=\u00bblarge\u00bb hide_on_mobile=\u00bb\u00bb][\/vc_column][\/vc_row][vc_row full_width=\u00bbstretch_row\u00bb gap=\u00bb10&#8243; css=\u00bb.vc_custom_1654747637306{background-color: #ffffff !important;}\u00bb][vc_column width=\u00bb1\/2&#8243; icons_position=\u00bbleft\u00bb]<div id=\"widget_video_1853007316\" class=\"widget_area sc_widget_video vc_widget_video wpb_content_element\"><aside id=\"widget_video_1853007316_widget\" class=\"widget widget_video\"><h5 class=\"widget_title\">Elizabeth Parris<\/h5><div class=\"trx_addons_video_player without_cover\"><div class=\"video_embed video_frame\"><iframe loading=\"lazy\" title=\"Gene Therapy To Engineer Healthy Longevity | Liz Parrish | TEDxOxford\" width=\"1170\" height=\"658\" src=\"https:\/\/www.youtube.com\/embed\/f8K7ModDUhg?feature=oembed\" frameborder=\"0\" allow=\"accelerometer; autoplay; clipboard-write; encrypted-media; gyroscope; picture-in-picture\" allowfullscreen><\/iframe><\/div><\/div><\/aside><\/div>[vc_column_text]<\/p>\n<p id=\"h.p_R7rDCJn_l7Cq\" class=\"CDt4Ke zfr3Q\">Elizabeth es una de las \u00ab<strong>transhumanas<\/strong>\u00bb mas famosas, ella <strong>asegura haber rejuvenecido 20 a\u00f1os<\/strong> con una terapia de telomerasa, rejuvenecimiento a nivel celular, en este video lo explica. Es muy medi\u00e1tica, como buena americana, y puedes verla en muchos videos o documentales sobre el tema, al menos nombrada y muchas veces criticada.<\/p>\n<p id=\"h.p_2YNjzyH8nsa3\" class=\"CDt4Ke zfr3Q\">Quiz\u00e1s el hecho de ofrecerlo todo desde su <a class=\"dhtgD aw5Odc\" href=\"https:\/\/www.google.com\/url?q=https%3A%2F%2Fbiovivascience.myshopify.com%2F&amp;sa=D&amp;sntz=1&amp;usg=AOvVaw0cT6cX9_oSy4c-e1me4nhe\" target=\"_blank\" rel=\"noopener\">web<\/a> en Colombia hace sospechar, pero el debate esta ah\u00ed, y todos sabemos ya, que la telomerasa es uno de las claves del envejecimiento&#8230; ella habr\u00e1 dado con la dosis adecuada?? es \u00e9tico?? eso ya se vera&#8230;.<\/p>\n<p>[\/vc_column_text][vc_empty_space height=\u00bb\u00bb alter_height=\u00bbhuge\u00bb hide_on_mobile=\u00bb\u00bb hide_on_desktop=\u00bb\u00bb hide_on_notebook=\u00bb\u00bb hide_on_tablet=\u00bb\u00bb][\/vc_column][vc_column width=\u00bb1\/2&#8243;]<div id=\"widget_video_663634434\" class=\"widget_area sc_widget_video vc_widget_video wpb_content_element\"><aside id=\"widget_video_663634434_widget\" class=\"widget widget_video\"><h5 class=\"widget_title\">Aubrey De Grey &#8211; Gerontologo<\/h5><div class=\"trx_addons_video_player without_cover\"><div class=\"video_embed video_frame\"><iframe loading=\"lazy\" title=\"Conversaciones en Salamanca: Entrevista Aubrey de Grey\" width=\"1170\" height=\"658\" src=\"https:\/\/www.youtube.com\/embed\/-3cp0qVIn38?feature=oembed\" frameborder=\"0\" allow=\"accelerometer; autoplay; clipboard-write; encrypted-media; gyroscope; picture-in-picture\" allowfullscreen><\/iframe><\/div><\/div><\/aside><\/div>[vc_column_text]<\/p>\n<p id=\"h.p_s5QYdXeOl7Cy\" class=\"CDt4Ke zfr3Q\">Aubrey es un <strong>gerontologo<\/strong>, una persona que estudia la vejez, no me atrevo a decir que es un transhumanista, pero desde luego es uno de los referentes, por sus estudios, el b\u00e1sicamente <strong>estudia la vejez como una enfermedad<\/strong>, que provoca muchas otras, y desde la ciencia esta trabajando como vencer a la longevidad, detenerla o revertirla.<\/p>\n<p id=\"h.p_Lw1saearpSQT\" class=\"CDt4Ke zfr3Q\">En este video el presentador de la Sexta Noche lo entrevista. Para entender sus estudios sobre la vejez y sus hip\u00f3tesis sobre el futuro en este campo. Esta en Espa\u00f1ol, muy interesante.<\/p>\n<p>[\/vc_column_text][vc_empty_space alter_height=\u00bbhuge\u00bb hide_on_mobile=\u00bb\u00bb][\/vc_column][\/vc_row]<\/p>\n","protected":false},"excerpt":{"rendered":"<p>[vc_row][vc_column][vc_empty_space alter_height=\u00bblarge\u00bb hide_on_mobile=\u00bb\u00bb][\/vc_column][\/vc_row][vc_row][vc_column][vc_column_text] El Transhumanismo no es una religion, pero lo puede parecer, no es una secta, pero lo puede parecer, no es una palabra de pel\u00edculas de ciencia ficci\u00f3n, pero lo puede parecer. El Transhumanismo es la creencia a grandes rasgos de que los humanos tal cual los conocemos ahora, pueden y van a evolucionar, y por tanto humanos&hellip;<\/p>\n","protected":false},"author":1,"featured_media":0,"parent":0,"menu_order":0,"comment_status":"closed","ping_status":"closed","template":"","meta":{"footnotes":""},"class_list":["post-1649","page","type-page","status-publish","hentry"],"yoast_head":"<!-- This site is optimized with the Yoast SEO plugin v20.1 - https:\/\/yoast.com\/wordpress\/plugins\/seo\/ -->\n<title>TransHumanismo - REVGEN<\/title>\n<meta name=\"description\" content=\"\u00bfQuieres conocer el futuro de la evoluci\u00f3n humana? TransHumanismo es tu sitio. Descubre la revoluci\u00f3n gen\u00e9tica, explora recursos y lee nuestro blog para entender c\u00f3mo la edici\u00f3n gen\u00e9tica y mejoras no biol\u00f3gicas nos llevar\u00e1n a una nueva especie de humanos, los transhumanos. Conoce a los l\u00edderes del movimiento, como Jose Luis Cordeiro, Elizabeth Parris y Aubrey De Grey, y su trabajo para extender nuestra vida y vencer a la vejez. \u00bfEst\u00e1s listo para unirte a la evoluci\u00f3n? Cont\u00e1ctanos hoy.\" \/>\n<meta name=\"robots\" content=\"index, follow, max-snippet:-1, max-image-preview:large, max-video-preview:-1\" \/>\n<link rel=\"canonical\" href=\"https:\/\/origen.bio\/revgen\/transhumanismo\/\" \/>\n<meta property=\"og:locale\" content=\"es_ES\" \/>\n<meta property=\"og:type\" content=\"article\" \/>\n<meta property=\"og:title\" content=\"TransHumanismo - REVGEN\" \/>\n<meta property=\"og:description\" content=\"\u00bfQuieres conocer el futuro de la evoluci\u00f3n humana? TransHumanismo es tu sitio. Descubre la revoluci\u00f3n gen\u00e9tica, explora recursos y lee nuestro blog para entender c\u00f3mo la edici\u00f3n gen\u00e9tica y mejoras no biol\u00f3gicas nos llevar\u00e1n a una nueva especie de humanos, los transhumanos. Conoce a los l\u00edderes del movimiento, como Jose Luis Cordeiro, Elizabeth Parris y Aubrey De Grey, y su trabajo para extender nuestra vida y vencer a la vejez. \u00bfEst\u00e1s listo para unirte a la evoluci\u00f3n? Cont\u00e1ctanos hoy.\" \/>\n<meta property=\"og:url\" content=\"https:\/\/origen.bio\/revgen\/transhumanismo\/\" \/>\n<meta property=\"og:site_name\" content=\"REVGEN\" \/>\n<meta property=\"article:modified_time\" content=\"2023-02-21T16:52:33+00:00\" \/>\n<meta property=\"og:image\" content=\"https:\/\/origen.bio\/revgen\/wp-content\/uploads\/2022\/07\/revgenlogo.png\" \/>\n\t<meta property=\"og:image:width\" content=\"589\" \/>\n\t<meta property=\"og:image:height\" content=\"211\" \/>\n\t<meta property=\"og:image:type\" content=\"image\/png\" \/>\n<meta name=\"twitter:card\" content=\"summary_large_image\" \/>\n<meta name=\"twitter:label1\" content=\"Tiempo de lectura\" \/>\n\t<meta name=\"twitter:data1\" content=\"3 minutos\" \/>\n<script type=\"application\/ld+json\" class=\"yoast-schema-graph\">{\"@context\":\"https:\/\/schema.org\",\"@graph\":[{\"@type\":\"WebPage\",\"@id\":\"https:\/\/origen.bio\/revgen\/transhumanismo\/\",\"url\":\"https:\/\/origen.bio\/revgen\/transhumanismo\/\",\"name\":\"TransHumanismo - REVGEN\",\"isPartOf\":{\"@id\":\"https:\/\/origen.bio\/revgen\/#website\"},\"datePublished\":\"2022-06-09T04:03:33+00:00\",\"dateModified\":\"2023-02-21T16:52:33+00:00\",\"description\":\"\u00bfQuieres conocer el futuro de la evoluci\u00f3n humana? TransHumanismo es tu sitio. Descubre la revoluci\u00f3n gen\u00e9tica, explora recursos y lee nuestro blog para entender c\u00f3mo la edici\u00f3n gen\u00e9tica y mejoras no biol\u00f3gicas nos llevar\u00e1n a una nueva especie de humanos, los transhumanos. Conoce a los l\u00edderes del movimiento, como Jose Luis Cordeiro, Elizabeth Parris y Aubrey De Grey, y su trabajo para extender nuestra vida y vencer a la vejez. \u00bfEst\u00e1s listo para unirte a la evoluci\u00f3n? Cont\u00e1ctanos hoy.\",\"breadcrumb\":{\"@id\":\"https:\/\/origen.bio\/revgen\/transhumanismo\/#breadcrumb\"},\"inLanguage\":\"es\",\"potentialAction\":[{\"@type\":\"ReadAction\",\"target\":[\"https:\/\/origen.bio\/revgen\/transhumanismo\/\"]}]},{\"@type\":\"BreadcrumbList\",\"@id\":\"https:\/\/origen.bio\/revgen\/transhumanismo\/#breadcrumb\",\"itemListElement\":[{\"@type\":\"ListItem\",\"position\":1,\"name\":\"Portada\",\"item\":\"https:\/\/origen.bio\/revgen\/\"},{\"@type\":\"ListItem\",\"position\":2,\"name\":\"TransHumanismo\"}]},{\"@type\":\"WebSite\",\"@id\":\"https:\/\/origen.bio\/revgen\/#website\",\"url\":\"https:\/\/origen.bio\/revgen\/\",\"name\":\"REVGEN\",\"description\":\"Re-Evoluci\u00f3n Gen\u00e9tica\",\"publisher\":{\"@id\":\"https:\/\/origen.bio\/revgen\/#organization\"},\"alternateName\":\"Revoluci\u00f3n gen\u00e9tica\",\"potentialAction\":[{\"@type\":\"SearchAction\",\"target\":{\"@type\":\"EntryPoint\",\"urlTemplate\":\"https:\/\/origen.bio\/revgen\/?s={search_term_string}\"},\"query-input\":\"required name=search_term_string\"}],\"inLanguage\":\"es\"},{\"@type\":\"Organization\",\"@id\":\"https:\/\/origen.bio\/revgen\/#organization\",\"name\":\"REVGEN\",\"url\":\"https:\/\/origen.bio\/revgen\/\",\"logo\":{\"@type\":\"ImageObject\",\"inLanguage\":\"es\",\"@id\":\"https:\/\/origen.bio\/revgen\/#\/schema\/logo\/image\/\",\"url\":\"https:\/\/origen.bio\/revgen\/wp-content\/uploads\/2022\/07\/revgenlogo.png\",\"contentUrl\":\"https:\/\/origen.bio\/revgen\/wp-content\/uploads\/2022\/07\/revgenlogo.png\",\"width\":589,\"height\":211,\"caption\":\"REVGEN\"},\"image\":{\"@id\":\"https:\/\/origen.bio\/revgen\/#\/schema\/logo\/image\/\"}}]}<\/script>\n<!-- \/ Yoast SEO plugin. -->","yoast_head_json":{"title":"TransHumanismo - REVGEN","description":"\u00bfQuieres conocer el futuro de la evoluci\u00f3n humana? TransHumanismo es tu sitio. Descubre la revoluci\u00f3n gen\u00e9tica, explora recursos y lee nuestro blog para entender c\u00f3mo la edici\u00f3n gen\u00e9tica y mejoras no biol\u00f3gicas nos llevar\u00e1n a una nueva especie de humanos, los transhumanos. Conoce a los l\u00edderes del movimiento, como Jose Luis Cordeiro, Elizabeth Parris y Aubrey De Grey, y su trabajo para extender nuestra vida y vencer a la vejez. \u00bfEst\u00e1s listo para unirte a la evoluci\u00f3n? Cont\u00e1ctanos hoy.","robots":{"index":"index","follow":"follow","max-snippet":"max-snippet:-1","max-image-preview":"max-image-preview:large","max-video-preview":"max-video-preview:-1"},"canonical":"https:\/\/origen.bio\/revgen\/transhumanismo\/","og_locale":"es_ES","og_type":"article","og_title":"TransHumanismo - REVGEN","og_description":"\u00bfQuieres conocer el futuro de la evoluci\u00f3n humana? TransHumanismo es tu sitio. Descubre la revoluci\u00f3n gen\u00e9tica, explora recursos y lee nuestro blog para entender c\u00f3mo la edici\u00f3n gen\u00e9tica y mejoras no biol\u00f3gicas nos llevar\u00e1n a una nueva especie de humanos, los transhumanos. Conoce a los l\u00edderes del movimiento, como Jose Luis Cordeiro, Elizabeth Parris y Aubrey De Grey, y su trabajo para extender nuestra vida y vencer a la vejez. \u00bfEst\u00e1s listo para unirte a la evoluci\u00f3n? Cont\u00e1ctanos hoy.","og_url":"https:\/\/origen.bio\/revgen\/transhumanismo\/","og_site_name":"REVGEN","article_modified_time":"2023-02-21T16:52:33+00:00","og_image":[{"width":589,"height":211,"url":"https:\/\/origen.bio\/revgen\/wp-content\/uploads\/2022\/07\/revgenlogo.png","type":"image\/png"}],"twitter_card":"summary_large_image","twitter_misc":{"Tiempo de lectura":"3 minutos"},"schema":{"@context":"https:\/\/schema.org","@graph":[{"@type":"WebPage","@id":"https:\/\/origen.bio\/revgen\/transhumanismo\/","url":"https:\/\/origen.bio\/revgen\/transhumanismo\/","name":"TransHumanismo - REVGEN","isPartOf":{"@id":"https:\/\/origen.bio\/revgen\/#website"},"datePublished":"2022-06-09T04:03:33+00:00","dateModified":"2023-02-21T16:52:33+00:00","description":"\u00bfQuieres conocer el futuro de la evoluci\u00f3n humana? TransHumanismo es tu sitio. Descubre la revoluci\u00f3n gen\u00e9tica, explora recursos y lee nuestro blog para entender c\u00f3mo la edici\u00f3n gen\u00e9tica y mejoras no biol\u00f3gicas nos llevar\u00e1n a una nueva especie de humanos, los transhumanos. Conoce a los l\u00edderes del movimiento, como Jose Luis Cordeiro, Elizabeth Parris y Aubrey De Grey, y su trabajo para extender nuestra vida y vencer a la vejez. \u00bfEst\u00e1s listo para unirte a la evoluci\u00f3n? Cont\u00e1ctanos hoy.","breadcrumb":{"@id":"https:\/\/origen.bio\/revgen\/transhumanismo\/#breadcrumb"},"inLanguage":"es","potentialAction":[{"@type":"ReadAction","target":["https:\/\/origen.bio\/revgen\/transhumanismo\/"]}]},{"@type":"BreadcrumbList","@id":"https:\/\/origen.bio\/revgen\/transhumanismo\/#breadcrumb","itemListElement":[{"@type":"ListItem","position":1,"name":"Portada","item":"https:\/\/origen.bio\/revgen\/"},{"@type":"ListItem","position":2,"name":"TransHumanismo"}]},{"@type":"WebSite","@id":"https:\/\/origen.bio\/revgen\/#website","url":"https:\/\/origen.bio\/revgen\/","name":"REVGEN","description":"Re-Evoluci\u00f3n Gen\u00e9tica","publisher":{"@id":"https:\/\/origen.bio\/revgen\/#organization"},"alternateName":"Revoluci\u00f3n gen\u00e9tica","potentialAction":[{"@type":"SearchAction","target":{"@type":"EntryPoint","urlTemplate":"https:\/\/origen.bio\/revgen\/?s={search_term_string}"},"query-input":"required name=search_term_string"}],"inLanguage":"es"},{"@type":"Organization","@id":"https:\/\/origen.bio\/revgen\/#organization","name":"REVGEN","url":"https:\/\/origen.bio\/revgen\/","logo":{"@type":"ImageObject","inLanguage":"es","@id":"https:\/\/origen.bio\/revgen\/#\/schema\/logo\/image\/","url":"https:\/\/origen.bio\/revgen\/wp-content\/uploads\/2022\/07\/revgenlogo.png","contentUrl":"https:\/\/origen.bio\/revgen\/wp-content\/uploads\/2022\/07\/revgenlogo.png","width":589,"height":211,"caption":"REVGEN"},"image":{"@id":"https:\/\/origen.bio\/revgen\/#\/schema\/logo\/image\/"}}]}},"_links":{"self":[{"href":"https:\/\/origen.bio\/revgen\/wp-json\/wp\/v2\/pages\/1649","targetHints":{"allow":["GET"]}}],"collection":[{"href":"https:\/\/origen.bio\/revgen\/wp-json\/wp\/v2\/pages"}],"about":[{"href":"https:\/\/origen.bio\/revgen\/wp-json\/wp\/v2\/types\/page"}],"author":[{"embeddable":true,"href":"https:\/\/origen.bio\/revgen\/wp-json\/wp\/v2\/users\/1"}],"replies":[{"embeddable":true,"href":"https:\/\/origen.bio\/revgen\/wp-json\/wp\/v2\/comments?post=1649"}],"version-history":[{"count":3,"href":"https:\/\/origen.bio\/revgen\/wp-json\/wp\/v2\/pages\/1649\/revisions"}],"predecessor-version":[{"id":2043,"href":"https:\/\/origen.bio\/revgen\/wp-json\/wp\/v2\/pages\/1649\/revisions\/2043"}],"wp:attachment":[{"href":"https:\/\/origen.bio\/revgen\/wp-json\/wp\/v2\/media?parent=1649"}],"curies":[{"name":"wp","href":"https:\/\/api.w.org\/{rel}","templated":true}]}}