{"id":1641,"date":"2022-06-09T03:50:46","date_gmt":"2022-06-09T03:50:46","guid":{"rendered":"http:\/\/s860266146.mialojamiento.es\/?page_id=1641"},"modified":"2023-02-21T18:40:35","modified_gmt":"2023-02-21T16:40:35","slug":"neurociencia","status":"publish","type":"page","link":"https:\/\/origen.bio\/revgen\/neurociencia\/","title":{"rendered":"Neurociencia"},"content":{"rendered":"<p>[vc_row][vc_column][vc_empty_space alter_height=\u00bblarge\u00bb hide_on_mobile=\u00bb\u00bb][\/vc_column][\/vc_row][vc_row][vc_column][vc_column_text]El objeto de esta secci\u00f3n, no tiene que ver con la gen\u00e9tica, pero si con la ciencia,<strong> con la ciencia del \u00f3rgano mas complejo del universo, el cerebro<\/strong>. Son tantos los avances y las dudas sobre el, que me parece un tema tan apasionante y tan paralelo a la biotecnolog\u00eda, que he considerado que hay hablar y compartir el poco conocimiento que todav\u00eda se tiene de el, del cerebro.[\/vc_column_text][\/vc_column][\/vc_row][vc_row][vc_column][vc_empty_space alter_height=\u00bblarge\u00bb hide_on_mobile=\u00bb\u00bb][\/vc_column][\/vc_row][vc_row full_width=\u00bbstretch_row\u00bb gap=\u00bb10&#8243;][vc_column width=\u00bb1\/2&#8243; icons_position=\u00bbleft\u00bb][vc_column_text]<\/p>\n<h2>Proyecto Brain &#8211; Rafael Yuste<\/h2>\n<p id=\"h.p_10F8Z2JhqQed\" class=\"CDt4Ke zfr3Q vDPrib\" dir=\"ltr\">\u00bf<em><strong>A que no sab\u00edas que un espa\u00f1ol dirige uno de los proyectos m\u00e1s ambiciosos cient\u00edficos de la administraci\u00f3n Obama<\/strong><\/em>?.<\/p>\n<p id=\"h.p_Nua9sD7GqRKx\" class=\"CDt4Ke zfr3Q vDPrib\" dir=\"ltr\">Obama quiso lanzar un proyecto similar a la conquista de la luna o el proyecto genoma humano, se llama el<em><strong> proyecto Brain<\/strong><\/em>. Descifrar c\u00f3mo funciona el cerebro, que es un pensamiento, que es nuestra consciencia\u2026. Y lo dirige un espa\u00f1ol, lo dirige <em><strong>Rafael Yuste<\/strong><\/em>.<\/p>\n<p id=\"h.p_X6F_VP2WqRKx\" class=\"CDt4Ke zfr3Q vDPrib\" dir=\"ltr\">Y aqu\u00ed con <em><strong>I\u00f1aki Gabilondo<\/strong><\/em> hablado de como fue el proceso, muy ameno y divertido, a la vez que educativo:<\/p>\n<p id=\"h.p_iiwhfC3CqRKy\" class=\"CDt4Ke zfr3Q vDPrib\" dir=\"ltr\">( <a class=\"dhtgD aw5Odc\" href=\"https:\/\/www.youtube.com\/watch?v=AnjenMlDQ5k\" target=\"_blank\" rel=\"noopener\">Parte 1<\/a>) ( <a class=\"dhtgD aw5Odc\" href=\"https:\/\/www.youtube.com\/watch?v=XnzUkYfeU4g\" target=\"_blank\" rel=\"noopener\">Parte 2<\/a>)<\/p>\n<p>[\/vc_column_text][vc_empty_space height=\u00bb\u00bb alter_height=\u00bbhuge\u00bb hide_on_mobile=\u00bb\u00bb hide_on_desktop=\u00bb\u00bb hide_on_notebook=\u00bb\u00bb hide_on_tablet=\u00bb\u00bb][\/vc_column][vc_column width=\u00bb1\/2&#8243;][vc_empty_space alter_height=\u00bbhuge\u00bb hide_on_mobile=\u00bb\u00bb]<div id=\"widget_video_931628001\" class=\"widget_area sc_widget_video vc_widget_video wpb_content_element\"><aside id=\"widget_video_931628001_widget\" class=\"widget widget_video\"><div class=\"trx_addons_video_player without_cover\"><div class=\"video_embed video_frame\"><iframe loading=\"lazy\" title=\"Rafel Yuste | Neuroderechos y la privacidad mental  | Congreso Futuro 2019\" width=\"1170\" height=\"658\" src=\"https:\/\/www.youtube.com\/embed\/yeJOLmjILG8?feature=oembed\" frameborder=\"0\" allow=\"accelerometer; autoplay; clipboard-write; encrypted-media; gyroscope; picture-in-picture\" allowfullscreen><\/iframe><\/div><\/div><\/aside><\/div>[\/vc_column][\/vc_row][vc_row][vc_column][vc_empty_space alter_height=\u00bblarge\u00bb hide_on_mobile=\u00bb\u00bb][\/vc_column][\/vc_row][vc_row full_width=\u00bbstretch_row\u00bb gap=\u00bb10&#8243; css=\u00bb.vc_custom_1654747182780{background-color: #f7f8fa !important;}\u00bb][vc_column width=\u00bb1\/2&#8243; icons_position=\u00bbleft\u00bb]<div id=\"widget_video_745014077\" class=\"widget_area sc_widget_video vc_widget_video wpb_content_element\"><aside id=\"widget_video_745014077_widget\" class=\"widget widget_video\"><div class=\"trx_addons_video_player without_cover\"><div class=\"video_embed video_frame\"><iframe loading=\"lazy\" title=\"Versi\u00f3n Completa. Conocer el cerebro para vivir mejor. Facundo Manes, neurocient\u00edfico\" width=\"1170\" height=\"658\" src=\"https:\/\/www.youtube.com\/embed\/4ebt-yHf3mY?feature=oembed\" frameborder=\"0\" allow=\"accelerometer; autoplay; clipboard-write; encrypted-media; gyroscope; picture-in-picture\" allowfullscreen><\/iframe><\/div><\/div><\/aside><\/div>[vc_empty_space height=\u00bb\u00bb alter_height=\u00bbhuge\u00bb hide_on_mobile=\u00bb\u00bb hide_on_desktop=\u00bb\u00bb hide_on_notebook=\u00bb\u00bb hide_on_tablet=\u00bb\u00bb][\/vc_column][vc_column width=\u00bb1\/2&#8243;][vc_column_text]<\/p>\n<h2>Facundo Manes<\/h2>\n<p id=\"h.p_10F8Z2JhqQed\" class=\"CDt4Ke zfr3Q vDPrib\" dir=\"ltr\">Facundo Manes es uno de los neurocient\u00edficos mas reconocidos a nivel mundial. En este video te explica algunos de los<strong> funcionamientos del cerebro<\/strong> y por que a veces actuamos como actuamos. Muy f\u00e1cil de seguir, super pedag\u00f3gico, simplemente espectacular, se te pasara la hora sin darte cuenta, y habr\u00e1s aprendido un monto de cosas del cerebro.<\/p>\n<p>[\/vc_column_text][vc_empty_space alter_height=\u00bbhuge\u00bb hide_on_mobile=\u00bb\u00bb][\/vc_column][\/vc_row]<\/p>\n","protected":false},"excerpt":{"rendered":"<p>[vc_row][vc_column][vc_empty_space alter_height=\u00bblarge\u00bb hide_on_mobile=\u00bb\u00bb][\/vc_column][\/vc_row][vc_row][vc_column][vc_column_text]El objeto de esta secci\u00f3n, no tiene que ver con la gen\u00e9tica, pero si con la ciencia, con la ciencia del \u00f3rgano mas complejo del universo, el cerebro. Son tantos los avances y las dudas sobre el, que me parece un tema tan apasionante y tan paralelo a la biotecnolog\u00eda, que he considerado que hay hablar y compartir&hellip;<\/p>\n","protected":false},"author":1,"featured_media":0,"parent":0,"menu_order":0,"comment_status":"closed","ping_status":"closed","template":"","meta":{"footnotes":""},"class_list":["post-1641","page","type-page","status-publish","hentry"],"yoast_head":"<!-- This site is optimized with the Yoast SEO plugin v20.1 - https:\/\/yoast.com\/wordpress\/plugins\/seo\/ -->\n<title>Neurociencia - REVGEN<\/title>\n<meta name=\"description\" content=\"En esta secci\u00f3n de Neurociencia descubrir\u00e1s los avances y las inc\u00f3gnitas de la ciencia del cerebro, el \u00f3rgano m\u00e1s complejo del universo. Aprende sobre el proyecto Brain dirigido por el espa\u00f1ol Rafael Yuste y escucha al reconocido neurocient\u00edfico Facundo Manes explicar c\u00f3mo funciona el cerebro y por qu\u00e9 actuamos como lo hacemos. \u00a1Sum\u00e9rgete en el fascinante mundo de la neurociencia y ampl\u00eda tu conocimiento!\" \/>\n<meta name=\"robots\" content=\"index, follow, max-snippet:-1, max-image-preview:large, max-video-preview:-1\" \/>\n<link rel=\"canonical\" href=\"https:\/\/origen.bio\/revgen\/neurociencia\/\" \/>\n<meta property=\"og:locale\" content=\"es_ES\" \/>\n<meta property=\"og:type\" content=\"article\" \/>\n<meta property=\"og:title\" content=\"Neurociencia - REVGEN\" \/>\n<meta property=\"og:description\" content=\"En esta secci\u00f3n de Neurociencia descubrir\u00e1s los avances y las inc\u00f3gnitas de la ciencia del cerebro, el \u00f3rgano m\u00e1s complejo del universo. Aprende sobre el proyecto Brain dirigido por el espa\u00f1ol Rafael Yuste y escucha al reconocido neurocient\u00edfico Facundo Manes explicar c\u00f3mo funciona el cerebro y por qu\u00e9 actuamos como lo hacemos. \u00a1Sum\u00e9rgete en el fascinante mundo de la neurociencia y ampl\u00eda tu conocimiento!\" \/>\n<meta property=\"og:url\" content=\"https:\/\/origen.bio\/revgen\/neurociencia\/\" \/>\n<meta property=\"og:site_name\" content=\"REVGEN\" \/>\n<meta property=\"article:modified_time\" content=\"2023-02-21T16:40:35+00:00\" \/>\n<meta property=\"og:image\" content=\"https:\/\/origen.bio\/revgen\/wp-content\/uploads\/2022\/07\/revgenlogo.png\" \/>\n\t<meta property=\"og:image:width\" content=\"589\" \/>\n\t<meta property=\"og:image:height\" content=\"211\" \/>\n\t<meta property=\"og:image:type\" content=\"image\/png\" \/>\n<meta name=\"twitter:card\" content=\"summary_large_image\" \/>\n<meta name=\"twitter:label1\" content=\"Tiempo de lectura\" \/>\n\t<meta name=\"twitter:data1\" content=\"2 minutos\" \/>\n<script type=\"application\/ld+json\" class=\"yoast-schema-graph\">{\"@context\":\"https:\/\/schema.org\",\"@graph\":[{\"@type\":\"Article\",\"@id\":\"https:\/\/origen.bio\/revgen\/neurociencia\/#article\",\"isPartOf\":{\"@id\":\"https:\/\/origen.bio\/revgen\/neurociencia\/\"},\"author\":{\"name\":\"rodimux.master\",\"@id\":\"https:\/\/origen.bio\/revgen\/#\/schema\/person\/2fe067bb4312c01f4585ce34f8054bf0\"},\"headline\":\"Neurociencia\",\"datePublished\":\"2022-06-09T03:50:46+00:00\",\"dateModified\":\"2023-02-21T16:40:35+00:00\",\"mainEntityOfPage\":{\"@id\":\"https:\/\/origen.bio\/revgen\/neurociencia\/\"},\"wordCount\":448,\"publisher\":{\"@id\":\"https:\/\/origen.bio\/revgen\/#organization\"},\"inLanguage\":\"es\"},{\"@type\":[\"WebPage\",\"ItemPage\"],\"@id\":\"https:\/\/origen.bio\/revgen\/neurociencia\/\",\"url\":\"https:\/\/origen.bio\/revgen\/neurociencia\/\",\"name\":\"Neurociencia - REVGEN\",\"isPartOf\":{\"@id\":\"https:\/\/origen.bio\/revgen\/#website\"},\"datePublished\":\"2022-06-09T03:50:46+00:00\",\"dateModified\":\"2023-02-21T16:40:35+00:00\",\"description\":\"En esta secci\u00f3n de Neurociencia descubrir\u00e1s los avances y las inc\u00f3gnitas de la ciencia del cerebro, el \u00f3rgano m\u00e1s complejo del universo. Aprende sobre el proyecto Brain dirigido por el espa\u00f1ol Rafael Yuste y escucha al reconocido neurocient\u00edfico Facundo Manes explicar c\u00f3mo funciona el cerebro y por qu\u00e9 actuamos como lo hacemos. \u00a1Sum\u00e9rgete en el fascinante mundo de la neurociencia y ampl\u00eda tu conocimiento!\",\"breadcrumb\":{\"@id\":\"https:\/\/origen.bio\/revgen\/neurociencia\/#breadcrumb\"},\"inLanguage\":\"es\",\"potentialAction\":[{\"@type\":\"ReadAction\",\"target\":[\"https:\/\/origen.bio\/revgen\/neurociencia\/\"]}]},{\"@type\":\"BreadcrumbList\",\"@id\":\"https:\/\/origen.bio\/revgen\/neurociencia\/#breadcrumb\",\"itemListElement\":[{\"@type\":\"ListItem\",\"position\":1,\"name\":\"Portada\",\"item\":\"https:\/\/origen.bio\/revgen\/\"},{\"@type\":\"ListItem\",\"position\":2,\"name\":\"Neurociencia\"}]},{\"@type\":\"WebSite\",\"@id\":\"https:\/\/origen.bio\/revgen\/#website\",\"url\":\"https:\/\/origen.bio\/revgen\/\",\"name\":\"REVGEN\",\"description\":\"Re-Evoluci\u00f3n Gen\u00e9tica\",\"publisher\":{\"@id\":\"https:\/\/origen.bio\/revgen\/#organization\"},\"alternateName\":\"Revoluci\u00f3n gen\u00e9tica\",\"potentialAction\":[{\"@type\":\"SearchAction\",\"target\":{\"@type\":\"EntryPoint\",\"urlTemplate\":\"https:\/\/origen.bio\/revgen\/?s={search_term_string}\"},\"query-input\":\"required name=search_term_string\"}],\"inLanguage\":\"es\"},{\"@type\":\"Organization\",\"@id\":\"https:\/\/origen.bio\/revgen\/#organization\",\"name\":\"REVGEN\",\"url\":\"https:\/\/origen.bio\/revgen\/\",\"logo\":{\"@type\":\"ImageObject\",\"inLanguage\":\"es\",\"@id\":\"https:\/\/origen.bio\/revgen\/#\/schema\/logo\/image\/\",\"url\":\"https:\/\/origen.bio\/revgen\/wp-content\/uploads\/2022\/07\/revgenlogo.png\",\"contentUrl\":\"https:\/\/origen.bio\/revgen\/wp-content\/uploads\/2022\/07\/revgenlogo.png\",\"width\":589,\"height\":211,\"caption\":\"REVGEN\"},\"image\":{\"@id\":\"https:\/\/origen.bio\/revgen\/#\/schema\/logo\/image\/\"}},{\"@type\":\"Person\",\"@id\":\"https:\/\/origen.bio\/revgen\/#\/schema\/person\/2fe067bb4312c01f4585ce34f8054bf0\",\"name\":\"rodimux.master\",\"image\":{\"@type\":\"ImageObject\",\"inLanguage\":\"es\",\"@id\":\"https:\/\/origen.bio\/revgen\/#\/schema\/person\/image\/\",\"url\":\"https:\/\/secure.gravatar.com\/avatar\/c15f434d7d504eb6647baf6108aedfbf0067eba980175f9ec278ffa365838031?s=96&d=mm&r=g\",\"contentUrl\":\"https:\/\/secure.gravatar.com\/avatar\/c15f434d7d504eb6647baf6108aedfbf0067eba980175f9ec278ffa365838031?s=96&d=mm&r=g\",\"caption\":\"rodimux.master\"},\"sameAs\":[\"https:\/\/origen.bio\/revgen\"]}]}<\/script>\n<!-- \/ Yoast SEO plugin. -->","yoast_head_json":{"title":"Neurociencia - REVGEN","description":"En esta secci\u00f3n de Neurociencia descubrir\u00e1s los avances y las inc\u00f3gnitas de la ciencia del cerebro, el \u00f3rgano m\u00e1s complejo del universo. Aprende sobre el proyecto Brain dirigido por el espa\u00f1ol Rafael Yuste y escucha al reconocido neurocient\u00edfico Facundo Manes explicar c\u00f3mo funciona el cerebro y por qu\u00e9 actuamos como lo hacemos. \u00a1Sum\u00e9rgete en el fascinante mundo de la neurociencia y ampl\u00eda tu conocimiento!","robots":{"index":"index","follow":"follow","max-snippet":"max-snippet:-1","max-image-preview":"max-image-preview:large","max-video-preview":"max-video-preview:-1"},"canonical":"https:\/\/origen.bio\/revgen\/neurociencia\/","og_locale":"es_ES","og_type":"article","og_title":"Neurociencia - REVGEN","og_description":"En esta secci\u00f3n de Neurociencia descubrir\u00e1s los avances y las inc\u00f3gnitas de la ciencia del cerebro, el \u00f3rgano m\u00e1s complejo del universo. Aprende sobre el proyecto Brain dirigido por el espa\u00f1ol Rafael Yuste y escucha al reconocido neurocient\u00edfico Facundo Manes explicar c\u00f3mo funciona el cerebro y por qu\u00e9 actuamos como lo hacemos. \u00a1Sum\u00e9rgete en el fascinante mundo de la neurociencia y ampl\u00eda tu conocimiento!","og_url":"https:\/\/origen.bio\/revgen\/neurociencia\/","og_site_name":"REVGEN","article_modified_time":"2023-02-21T16:40:35+00:00","og_image":[{"width":589,"height":211,"url":"https:\/\/origen.bio\/revgen\/wp-content\/uploads\/2022\/07\/revgenlogo.png","type":"image\/png"}],"twitter_card":"summary_large_image","twitter_misc":{"Tiempo de lectura":"2 minutos"},"schema":{"@context":"https:\/\/schema.org","@graph":[{"@type":"Article","@id":"https:\/\/origen.bio\/revgen\/neurociencia\/#article","isPartOf":{"@id":"https:\/\/origen.bio\/revgen\/neurociencia\/"},"author":{"name":"rodimux.master","@id":"https:\/\/origen.bio\/revgen\/#\/schema\/person\/2fe067bb4312c01f4585ce34f8054bf0"},"headline":"Neurociencia","datePublished":"2022-06-09T03:50:46+00:00","dateModified":"2023-02-21T16:40:35+00:00","mainEntityOfPage":{"@id":"https:\/\/origen.bio\/revgen\/neurociencia\/"},"wordCount":448,"publisher":{"@id":"https:\/\/origen.bio\/revgen\/#organization"},"inLanguage":"es"},{"@type":["WebPage","ItemPage"],"@id":"https:\/\/origen.bio\/revgen\/neurociencia\/","url":"https:\/\/origen.bio\/revgen\/neurociencia\/","name":"Neurociencia - REVGEN","isPartOf":{"@id":"https:\/\/origen.bio\/revgen\/#website"},"datePublished":"2022-06-09T03:50:46+00:00","dateModified":"2023-02-21T16:40:35+00:00","description":"En esta secci\u00f3n de Neurociencia descubrir\u00e1s los avances y las inc\u00f3gnitas de la ciencia del cerebro, el \u00f3rgano m\u00e1s complejo del universo. Aprende sobre el proyecto Brain dirigido por el espa\u00f1ol Rafael Yuste y escucha al reconocido neurocient\u00edfico Facundo Manes explicar c\u00f3mo funciona el cerebro y por qu\u00e9 actuamos como lo hacemos. \u00a1Sum\u00e9rgete en el fascinante mundo de la neurociencia y ampl\u00eda tu conocimiento!","breadcrumb":{"@id":"https:\/\/origen.bio\/revgen\/neurociencia\/#breadcrumb"},"inLanguage":"es","potentialAction":[{"@type":"ReadAction","target":["https:\/\/origen.bio\/revgen\/neurociencia\/"]}]},{"@type":"BreadcrumbList","@id":"https:\/\/origen.bio\/revgen\/neurociencia\/#breadcrumb","itemListElement":[{"@type":"ListItem","position":1,"name":"Portada","item":"https:\/\/origen.bio\/revgen\/"},{"@type":"ListItem","position":2,"name":"Neurociencia"}]},{"@type":"WebSite","@id":"https:\/\/origen.bio\/revgen\/#website","url":"https:\/\/origen.bio\/revgen\/","name":"REVGEN","description":"Re-Evoluci\u00f3n Gen\u00e9tica","publisher":{"@id":"https:\/\/origen.bio\/revgen\/#organization"},"alternateName":"Revoluci\u00f3n gen\u00e9tica","potentialAction":[{"@type":"SearchAction","target":{"@type":"EntryPoint","urlTemplate":"https:\/\/origen.bio\/revgen\/?s={search_term_string}"},"query-input":"required name=search_term_string"}],"inLanguage":"es"},{"@type":"Organization","@id":"https:\/\/origen.bio\/revgen\/#organization","name":"REVGEN","url":"https:\/\/origen.bio\/revgen\/","logo":{"@type":"ImageObject","inLanguage":"es","@id":"https:\/\/origen.bio\/revgen\/#\/schema\/logo\/image\/","url":"https:\/\/origen.bio\/revgen\/wp-content\/uploads\/2022\/07\/revgenlogo.png","contentUrl":"https:\/\/origen.bio\/revgen\/wp-content\/uploads\/2022\/07\/revgenlogo.png","width":589,"height":211,"caption":"REVGEN"},"image":{"@id":"https:\/\/origen.bio\/revgen\/#\/schema\/logo\/image\/"}},{"@type":"Person","@id":"https:\/\/origen.bio\/revgen\/#\/schema\/person\/2fe067bb4312c01f4585ce34f8054bf0","name":"rodimux.master","image":{"@type":"ImageObject","inLanguage":"es","@id":"https:\/\/origen.bio\/revgen\/#\/schema\/person\/image\/","url":"https:\/\/secure.gravatar.com\/avatar\/c15f434d7d504eb6647baf6108aedfbf0067eba980175f9ec278ffa365838031?s=96&d=mm&r=g","contentUrl":"https:\/\/secure.gravatar.com\/avatar\/c15f434d7d504eb6647baf6108aedfbf0067eba980175f9ec278ffa365838031?s=96&d=mm&r=g","caption":"rodimux.master"},"sameAs":["https:\/\/origen.bio\/revgen"]}]}},"_links":{"self":[{"href":"https:\/\/origen.bio\/revgen\/wp-json\/wp\/v2\/pages\/1641","targetHints":{"allow":["GET"]}}],"collection":[{"href":"https:\/\/origen.bio\/revgen\/wp-json\/wp\/v2\/pages"}],"about":[{"href":"https:\/\/origen.bio\/revgen\/wp-json\/wp\/v2\/types\/page"}],"author":[{"embeddable":true,"href":"https:\/\/origen.bio\/revgen\/wp-json\/wp\/v2\/users\/1"}],"replies":[{"embeddable":true,"href":"https:\/\/origen.bio\/revgen\/wp-json\/wp\/v2\/comments?post=1641"}],"version-history":[{"count":9,"href":"https:\/\/origen.bio\/revgen\/wp-json\/wp\/v2\/pages\/1641\/revisions"}],"predecessor-version":[{"id":2032,"href":"https:\/\/origen.bio\/revgen\/wp-json\/wp\/v2\/pages\/1641\/revisions\/2032"}],"wp:attachment":[{"href":"https:\/\/origen.bio\/revgen\/wp-json\/wp\/v2\/media?parent=1641"}],"curies":[{"name":"wp","href":"https:\/\/api.w.org\/{rel}","templated":true}]}}